{"id":8058,"date":"2026-01-20T08:25:55","date_gmt":"2026-01-20T08:25:55","guid":{"rendered":"https:\/\/wenetting.com\/?post_type=product&#038;p=8058"},"modified":"2026-01-20T08:31:05","modified_gmt":"2026-01-20T08:31:05","slug":"filet-de-securite-pour-palettes-pour-la-stabilisation-de-la-charge-et-la-protection-contre-les-chutes","status":"publish","type":"product","link":"http:\/\/wenetting.com\/fr\/product\/wide-pallet-cargo-safety-net-for-load-stabilization-and-anti-fall-protection\/","title":{"rendered":"Filet de s\u00e9curit\u00e9 pour palettes larges pour la stabilisation de la charge et la protection contre les chutes"},"content":{"rendered":"<p>Filet pour palettes\u00a0<\/p>\r\n\r\n\r\n\r\n<table>\r\n<thead>\r\n<tr>\r\n<th>Objet<\/th>\r\n<th>Description<\/th>\r\n<\/tr>\r\n<\/thead>\r\n<tbody>\r\n<tr>\r\n<td>Mat\u00e9riau principal<\/td>\r\n<td>Polyester haute t\u00e9nacit\u00e9<\/td>\r\n<\/tr>\r\n<tr>\r\n<td>Type de maille<\/td>\r\n<td>Maille carr\u00e9e sans n\u0153uds<\/td>\r\n<\/tr>\r\n<tr>\r\n<td>Taille des mailles<\/td>\r\n<td>5 cm \u00d7 5 cm<\/td>\r\n<\/tr>\r\n<tr>\r\n<td>Diam\u00e8tre de la corde \/ ficelle<\/td>\r\n<td>4 mm<\/td>\r\n<\/tr>\r\n<tr>\r\n<td>R\u00e9sistance \u00e0 la rupture<\/td>\r\n<td>\u2265 600 kg (personnalisable sur demande)<\/td>\r\n<\/tr>\r\n<tr>\r\n<td>Options de couleur<\/td>\r\n<td>Blanc \/ Noir \/ Vert \/ Personnalis\u00e9<\/td>\r\n<\/tr>\r\n<tr>\r\n<td>Traitement UV<\/td>\r\n<td>Disponible (option stabilis\u00e9e aux UV)<\/td>\r\n<\/tr>\r\n<tr>\r\n<td>Temp\u00e9rature de fonctionnement<\/td>\r\n<td>De -30\u00b0C \u00e0 +70\u00b0C<\/td>\r\n<\/tr>\r\n<tr>\r\n<td>Service sur mesure<\/td>\r\n<td>Possibilit\u00e9 de personnaliser la taille, la couleur et le logo<\/td>\r\n<\/tr>\r\n<\/tbody>\r\n<\/table>\r\n<p>\r\n\r\n<\/p>\r\n<p><img fetchpriority=\"high\" decoding=\"async\" class=\"aligncenter wp-image-6702 size-full\" src=\"https:\/\/wenetting.com\/wp-content\/uploads\/2025\/12\/Pallet-4.png\" alt=\"\" width=\"1200\" height=\"719\" title=\"\" srcset=\"https:\/\/wenetting.com\/wp-content\/uploads\/2025\/12\/Pallet-4.png 1200w, https:\/\/wenetting.com\/wp-content\/uploads\/2025\/12\/Pallet-4-300x180.png 300w, https:\/\/wenetting.com\/wp-content\/uploads\/2025\/12\/Pallet-4-1024x614.png 1024w, https:\/\/wenetting.com\/wp-content\/uploads\/2025\/12\/Pallet-4-768x460.png 768w, https:\/\/wenetting.com\/wp-content\/uploads\/2025\/12\/Pallet-4-600x360.png 600w\" sizes=\"(max-width: 1200px) 100vw, 1200px\" \/><\/p>\r\n<p data-start=\"200\" data-end=\"567\"><strong data-start=\"200\" data-end=\"253\">Alignement op\u00e9rationnel des syst\u00e8mes de manutention de palettes<\/strong><br data-start=\"253\" data-end=\"256\" \/>Con\u00e7u pour s'int\u00e9grer harmonieusement aux op\u00e9rations standard d'entreposage et de logistique, ce filet pour palettes permet d'emballer, d'empiler et de transporter efficacement les palettes. Sa configuration compl\u00e8te la manutention par chariot \u00e9l\u00e9vateur et les flux de travail de stockage, contribuant \u00e0 maintenir un contr\u00f4le ordonn\u00e9 de la charge tout au long des op\u00e9rations quotidiennes.<\/p>\r\n<p data-start=\"569\" data-end=\"928\"><strong data-start=\"569\" data-end=\"619\">S\u00e9lection des fibres et approche de la formation des filets<\/strong><br data-start=\"619\" data-end=\"622\" \/>L'utilisation de fils de polyester sans n\u0153uds permet la formation d'un filet continu, ce qui r\u00e9duit les points de contrainte localis\u00e9s. Cette approche de fabrication assure une r\u00e9partition uniforme de la force sur toute la surface tout en pr\u00e9servant la flexibilit\u00e9, ce qui permet au filet de s'adapter naturellement aux diff\u00e9rentes formes de palettes et aux profils de charge.<\/p>\r\n<p data-start=\"930\" data-end=\"1274\"><strong data-start=\"930\" data-end=\"976\">Contr\u00f4le de la charge et fiabilit\u00e9 de l'utilisation \u00e0 long terme<\/strong><br data-start=\"976\" data-end=\"979\" \/>Gr\u00e2ce \u00e0 la combinaison \u00e9quilibr\u00e9e d'un espacement de 5 cm entre les mailles et d'un diam\u00e8tre de corde de 4 mm, le filet offre une retenue constante lors de cycles de charge r\u00e9p\u00e9t\u00e9s. La conception permet un confinement fiable sans rigidit\u00e9 excessive, ce qui aide \u00e0 maintenir un comportement coh\u00e9rent lors d'une utilisation prolong\u00e9e dans des environnements exigeants.<\/p>\r\n<p data-start=\"1276\" data-end=\"1646\"><strong data-start=\"1276\" data-end=\"1334\">Adaptabilit\u00e9 \u00e0 tous les environnements de logistique et de stockage<\/strong><br data-start=\"1334\" data-end=\"1337\" \/>Adapt\u00e9 aux entrep\u00f4ts, aux centres de distribution et aux zones de consolidation du fret, le filet s'adapte \u00e0 une large gamme de dimensions de palettes et de types de marchandises. Sa nature r\u00e9utilisable et ses faibles exigences en mati\u00e8re de maintenance en font un outil id\u00e9al pour les op\u00e9rations qui recherchent un contr\u00f4le fiable des charges avec une complexit\u00e9 de manipulation minimale.<\/p>\r\n\r\n\r\n\r\n<p>&nbsp;<\/p>\r\n\r\n<div class=\"simg-pop-btn\" style=\"top: 390px;left: 92.5px\">\u00a0<\/div>","protected":false},"excerpt":{"rendered":"<p>Le filet \u00e0 palettes en polyester sans n\u0153uds \u00e0 haute r\u00e9sistance, avec des mailles de 5 cm et un c\u00e2ble de 4 mm, permet de contenir les charges de mani\u00e8re fiable, d'assurer une durabilit\u00e9 \u00e0 long terme et une stabilit\u00e9 dimensionnelle constante pour une manutention s\u00fbre et efficace dans l'entrep\u00f4t.<\/p>\n<p>Mati\u00e8re : Polyester<\/p>\n<p>Taille des mailles : 5*5cm<\/p>\n<p>Diam\u00e8tre du fil : 4 mm<\/p>\n<p>Couleur : Noir\u00a0<\/p>\n<p data-start=\"200\" data-end=\"438\"><strong data-start=\"200\" data-end=\"224\">S\u00e9curit\u00e9 accrue de la charge : <\/strong>L'espacement des mailles de 5 cm combin\u00e9 \u00e0 la construction en polyester sans n\u0153uds forme une couche de confinement s\u00fbre, emp\u00eachant efficacement le d\u00e9placement des cartons et l'effondrement de la charge lors de la manutention des palettes, du stockage et du transport par chariot \u00e9l\u00e9vateur.<\/p>\n<p data-start=\"440\" data-end=\"675\"><strong data-start=\"440\" data-end=\"466\">Capacit\u00e9 de charge fiable : <\/strong>Fabriqu\u00e9 avec un c\u00e2ble en polyester haute t\u00e9nacit\u00e9 de 4 mm, le filet offre une r\u00e9sistance \u00e0 la traction et aux chocs \u00e9quilibr\u00e9e, supportant de lourdes marchandises palettis\u00e9es sans concentration de contraintes localis\u00e9es ni d\u00e9formation.<\/p>\n<p data-start=\"677\" data-end=\"923\"><strong data-start=\"677\" data-end=\"720\">Durabilit\u00e9 et adaptabilit\u00e9 \u00e0 l'environnement : <\/strong>Les fibres de polyester offrent une excellente r\u00e9sistance \u00e0 l'abrasion, \u00e0 l'humidit\u00e9 et aux variations de temp\u00e9rature, ce qui garantit des performances constantes dans les environnements d'entrep\u00f4ts, de logistique et de centres de distribution \u00e0 long terme.<\/p>\n<p data-start=\"925\" data-end=\"1142\"><strong data-start=\"925\" data-end=\"948\">G\u00e9om\u00e9trie stable du r\u00e9seau : <\/strong>La structure du filet sans n\u0153uds assure une r\u00e9partition uniforme de la charge et la coh\u00e9rence des mailles, maintenant la stabilit\u00e9 dimensionnelle sous des charges r\u00e9p\u00e9t\u00e9es et r\u00e9duisant le risque de d\u00e9formation des mailles au fil du temps.<\/p>\n<p><!-- \/wp:paragraph --><\/p>","protected":false},"featured_media":8055,"template":"","meta":[],"product_brand":[],"product_cat":[38],"product_tag":[],"class_list":{"0":"post-8058","1":"product","2":"type-product","3":"status-publish","4":"has-post-thumbnail","6":"product_cat-cargo-netting","8":"first","9":"instock","10":"shipping-taxable","11":"product-type-simple"},"_links":{"self":[{"href":"http:\/\/wenetting.com\/fr\/wp-json\/wp\/v2\/product\/8058","targetHints":{"allow":["GET"]}}],"collection":[{"href":"http:\/\/wenetting.com\/fr\/wp-json\/wp\/v2\/product"}],"about":[{"href":"http:\/\/wenetting.com\/fr\/wp-json\/wp\/v2\/types\/product"}],"wp:featuredmedia":[{"embeddable":true,"href":"http:\/\/wenetting.com\/fr\/wp-json\/wp\/v2\/media\/8055"}],"wp:attachment":[{"href":"http:\/\/wenetting.com\/fr\/wp-json\/wp\/v2\/media?parent=8058"}],"wp:term":[{"taxonomy":"product_brand","embeddable":true,"href":"http:\/\/wenetting.com\/fr\/wp-json\/wp\/v2\/product_brand?post=8058"},{"taxonomy":"product_cat","embeddable":true,"href":"http:\/\/wenetting.com\/fr\/wp-json\/wp\/v2\/product_cat?post=8058"},{"taxonomy":"product_tag","embeddable":true,"href":"http:\/\/wenetting.com\/fr\/wp-json\/wp\/v2\/product_tag?post=8058"}],"curies":[{"name":"wp","href":"https:\/\/api.w.org\/{rel}","templated":true}]}}